{"id":7097,"date":"2025-12-01T12:56:16","date_gmt":"2025-12-01T12:56:16","guid":{"rendered":"https:\/\/lavender.tn\/?post_type=product&#038;p=7097"},"modified":"2026-04-01T17:04:05","modified_gmt":"2026-04-01T17:04:05","slug":"rim","status":"publish","type":"product","link":"https:\/\/lavender.tn\/index.php\/product\/rim\/","title":{"rendered":"Rim"},"content":{"rendered":"<p>Une pi\u00e8ce qui allie \u00e9l\u00e9gance intemporelle et confort au quotidien.<\/p>\n<p>Confectionn\u00e9e dans un tissu lain\u00e9 doux et l\u00e9g\u00e8rement structur\u00e9, cette robe offre une tenue parfaite tout en restant agr\u00e9able \u00e0 porter.<\/p>\n<p>&nbsp;<\/p>\n<p>Le d\u00e9tail crois\u00e9 \u00e0 l\u2019avant et les boutons recouverts ajoutent une touche chic et moderne, fid\u00e8le \u00e0 l\u2019ADN de Lavender.<\/p>\n<p>&nbsp;<\/p>\n<p>\u2714\ufe0f Coupe flatteuse et allong\u00e9e avec doublure<\/p>\n<p>\u2714\ufe0f Tissu hiver doux et l\u00e9ger<\/p>\n<p>\u2714\ufe0f Id\u00e9ale pour le quotidien, le travail et les sorties<\/p>\n<p>\u2714\ufe0f Design exclusif, confection soign\u00e9e<\/p>\n<p>&nbsp;<\/p>\n<p>\ud83d\udccf Longueur adapt\u00e9e jusqu\u2019\u00e0 174 cm<\/p>\n<p>\ud83d\udc57 Le mannequin porte une taille M \u2013 Tour de taille 74 cm (38)<\/p>\n<p>&nbsp;<\/p>\n<p>&nbsp;<\/p>\n","protected":false},"excerpt":{"rendered":"<p>Une pi\u00e8ce qui allie \u00e9l\u00e9gance intemporelle et confort au quotidien. Confectionn\u00e9e dans un tissu lain\u00e9 doux et l\u00e9g\u00e8rement structur\u00e9, cette robe offre une tenue parfaite tout en restant agr\u00e9able \u00e0 porter. &nbsp; Le d\u00e9tail crois\u00e9 \u00e0 l\u2019avant et les boutons recouverts ajoutent une touche chic et moderne, fid\u00e8le \u00e0 l\u2019ADN de Lavender. &nbsp; \u2714\ufe0f Coupe [&hellip;]<\/p>\n","protected":false},"featured_media":7104,"comment_status":"open","ping_status":"closed","template":"","meta":[],"product_brand":[],"product_cat":[65,66],"product_tag":[],"class_list":{"0":"post-7097","1":"product","2":"type-product","3":"status-publish","4":"has-post-thumbnail","6":"product_cat-nouveautes","7":"product_cat-robes","9":"first","10":"outofstock","11":"sale","12":"shipping-taxable","13":"purchasable","14":"product-type-variable"},"_links":{"self":[{"href":"https:\/\/lavender.tn\/index.php\/wp-json\/wp\/v2\/product\/7097","targetHints":{"allow":["GET"]}}],"collection":[{"href":"https:\/\/lavender.tn\/index.php\/wp-json\/wp\/v2\/product"}],"about":[{"href":"https:\/\/lavender.tn\/index.php\/wp-json\/wp\/v2\/types\/product"}],"replies":[{"embeddable":true,"href":"https:\/\/lavender.tn\/index.php\/wp-json\/wp\/v2\/comments?post=7097"}],"wp:featuredmedia":[{"embeddable":true,"href":"https:\/\/lavender.tn\/index.php\/wp-json\/wp\/v2\/media\/7104"}],"wp:attachment":[{"href":"https:\/\/lavender.tn\/index.php\/wp-json\/wp\/v2\/media?parent=7097"}],"wp:term":[{"taxonomy":"product_brand","embeddable":true,"href":"https:\/\/lavender.tn\/index.php\/wp-json\/wp\/v2\/product_brand?post=7097"},{"taxonomy":"product_cat","embeddable":true,"href":"https:\/\/lavender.tn\/index.php\/wp-json\/wp\/v2\/product_cat?post=7097"},{"taxonomy":"product_tag","embeddable":true,"href":"https:\/\/lavender.tn\/index.php\/wp-json\/wp\/v2\/product_tag?post=7097"}],"curies":[{"name":"wp","href":"https:\/\/api.w.org\/{rel}","templated":true}]}}