{"id":6998,"date":"2025-09-24T15:54:56","date_gmt":"2025-09-24T15:54:56","guid":{"rendered":"https:\/\/lavender.tn\/?post_type=product&#038;p=6998"},"modified":"2025-11-21T18:33:07","modified_gmt":"2025-11-21T18:33:07","slug":"lulita","status":"publish","type":"product","link":"https:\/\/lavender.tn\/index.php\/product\/lulita\/","title":{"rendered":"Lulita"},"content":{"rendered":"<p>&nbsp;<\/p>\n<p>\ud83c\udf42 Robe boh\u00e8me en tissu automnal \ud83c\udf42<\/p>\n<p>Confort et \u00e9l\u00e9gance au quotidien avec cette robe fluide aux tons doux.<\/p>\n<p>\u2728 D\u00e9tails :<\/p>\n<p>&nbsp;<\/p>\n<p>Tissu automnal doux et agr\u00e9able \u00e0 porter<\/p>\n<p>&nbsp;<\/p>\n<p>Coupe moderne et f\u00e9minine<\/p>\n<p>&nbsp;<\/p>\n<p>Deux poches pratiques<\/p>\n<p>&nbsp;<\/p>\n","protected":false},"excerpt":{"rendered":"<p>&nbsp; \ud83c\udf42 Robe boh\u00e8me en tissu automnal \ud83c\udf42 Confort et \u00e9l\u00e9gance au quotidien avec cette robe fluide aux tons doux. \u2728 D\u00e9tails : &nbsp; Tissu automnal doux et agr\u00e9able \u00e0 porter &nbsp; Coupe moderne et f\u00e9minine &nbsp; Deux poches pratiques &nbsp;<\/p>\n","protected":false},"featured_media":7005,"comment_status":"open","ping_status":"closed","template":"","meta":[],"product_brand":[],"product_cat":[65,66],"product_tag":[],"class_list":{"0":"post-6998","1":"product","2":"type-product","3":"status-publish","4":"has-post-thumbnail","6":"product_cat-nouveautes","7":"product_cat-robes","9":"first","10":"outofstock","11":"shipping-taxable","12":"purchasable","13":"product-type-variable"},"_links":{"self":[{"href":"https:\/\/lavender.tn\/index.php\/wp-json\/wp\/v2\/product\/6998","targetHints":{"allow":["GET"]}}],"collection":[{"href":"https:\/\/lavender.tn\/index.php\/wp-json\/wp\/v2\/product"}],"about":[{"href":"https:\/\/lavender.tn\/index.php\/wp-json\/wp\/v2\/types\/product"}],"replies":[{"embeddable":true,"href":"https:\/\/lavender.tn\/index.php\/wp-json\/wp\/v2\/comments?post=6998"}],"wp:featuredmedia":[{"embeddable":true,"href":"https:\/\/lavender.tn\/index.php\/wp-json\/wp\/v2\/media\/7005"}],"wp:attachment":[{"href":"https:\/\/lavender.tn\/index.php\/wp-json\/wp\/v2\/media?parent=6998"}],"wp:term":[{"taxonomy":"product_brand","embeddable":true,"href":"https:\/\/lavender.tn\/index.php\/wp-json\/wp\/v2\/product_brand?post=6998"},{"taxonomy":"product_cat","embeddable":true,"href":"https:\/\/lavender.tn\/index.php\/wp-json\/wp\/v2\/product_cat?post=6998"},{"taxonomy":"product_tag","embeddable":true,"href":"https:\/\/lavender.tn\/index.php\/wp-json\/wp\/v2\/product_tag?post=6998"}],"curies":[{"name":"wp","href":"https:\/\/api.w.org\/{rel}","templated":true}]}}