{"id":6787,"date":"2025-06-17T18:02:45","date_gmt":"2025-06-17T18:02:45","guid":{"rendered":"https:\/\/lavender.tn\/?post_type=product&#038;p=6787"},"modified":"2025-08-29T12:12:30","modified_gmt":"2025-08-29T12:12:30","slug":"jupe-plissee","status":"publish","type":"product","link":"https:\/\/lavender.tn\/index.php\/product\/jupe-plissee\/","title":{"rendered":"Jupe pliss\u00e9e"},"content":{"rendered":"<p>&nbsp;<\/p>\n<p>&nbsp;<\/p>\n<p>La pi\u00e8ce incontournable de votre garde-robe \u2728<\/p>\n<p>Nos jupes pliss\u00e9es sont disponibles en cinq couleurs \u00e9l\u00e9gantes : blanc, fuchsia, bleu marine, noir et cr\u00e8me.<\/p>\n<p>Un tissu fluide, des plis bien d\u00e9finis et un style qui sublime chaque silhouette.<\/p>\n<p>Faciles \u00e0 assortir, parfaites pour toutes les occasions \ud83d\udcab<\/p>\n<p>&nbsp;<\/p>\n<p>&nbsp;<\/p>\n","protected":false},"excerpt":{"rendered":"<p>&nbsp; &nbsp; La pi\u00e8ce incontournable de votre garde-robe \u2728 Nos jupes pliss\u00e9es sont disponibles en cinq couleurs \u00e9l\u00e9gantes : blanc, fuchsia, bleu marine, noir et cr\u00e8me. Un tissu fluide, des plis bien d\u00e9finis et un style qui sublime chaque silhouette. Faciles \u00e0 assortir, parfaites pour toutes les occasions \ud83d\udcab &nbsp; &nbsp;<\/p>\n","protected":false},"featured_media":6790,"comment_status":"open","ping_status":"closed","template":"","meta":[],"product_brand":[],"product_cat":[67],"product_tag":[],"class_list":{"0":"post-6787","1":"product","2":"type-product","3":"status-publish","4":"has-post-thumbnail","6":"product_cat-jupes","8":"first","9":"outofstock","10":"shipping-taxable","11":"purchasable","12":"product-type-variable"},"_links":{"self":[{"href":"https:\/\/lavender.tn\/index.php\/wp-json\/wp\/v2\/product\/6787","targetHints":{"allow":["GET"]}}],"collection":[{"href":"https:\/\/lavender.tn\/index.php\/wp-json\/wp\/v2\/product"}],"about":[{"href":"https:\/\/lavender.tn\/index.php\/wp-json\/wp\/v2\/types\/product"}],"replies":[{"embeddable":true,"href":"https:\/\/lavender.tn\/index.php\/wp-json\/wp\/v2\/comments?post=6787"}],"wp:featuredmedia":[{"embeddable":true,"href":"https:\/\/lavender.tn\/index.php\/wp-json\/wp\/v2\/media\/6790"}],"wp:attachment":[{"href":"https:\/\/lavender.tn\/index.php\/wp-json\/wp\/v2\/media?parent=6787"}],"wp:term":[{"taxonomy":"product_brand","embeddable":true,"href":"https:\/\/lavender.tn\/index.php\/wp-json\/wp\/v2\/product_brand?post=6787"},{"taxonomy":"product_cat","embeddable":true,"href":"https:\/\/lavender.tn\/index.php\/wp-json\/wp\/v2\/product_cat?post=6787"},{"taxonomy":"product_tag","embeddable":true,"href":"https:\/\/lavender.tn\/index.php\/wp-json\/wp\/v2\/product_tag?post=6787"}],"curies":[{"name":"wp","href":"https:\/\/api.w.org\/{rel}","templated":true}]}}