{"id":6772,"date":"2025-06-15T17:53:48","date_gmt":"2025-06-15T17:53:48","guid":{"rendered":"https:\/\/lavender.tn\/?post_type=product&#038;p=6772"},"modified":"2026-04-07T17:44:46","modified_gmt":"2026-04-07T17:44:46","slug":"marya","status":"publish","type":"product","link":"https:\/\/lavender.tn\/index.php\/product\/marya\/","title":{"rendered":"Marya"},"content":{"rendered":"<p>Robe longue fleurie \u2013 \u00c9l\u00e9gance et l\u00e9g\u00e8ret\u00e9 \ud83c\udf38<\/p>\n<p>Une robe fluide en mousseline l\u00e9g\u00e8re, doubl\u00e9e en coton doux pour un confort optimal.<\/p>\n<p>\ud83d\udc57 Longueur : 145 cm<\/p>\n<p>Coupe ample et manches bouffantes pour un style f\u00e9minin et raffin\u00e9. Parfaite pour vos sorties ou vos petites occasions .<\/p>\n<p>&nbsp;<\/p>\n","protected":false},"excerpt":{"rendered":"<p>Robe longue fleurie \u2013 \u00c9l\u00e9gance et l\u00e9g\u00e8ret\u00e9 \ud83c\udf38 Une robe fluide en mousseline l\u00e9g\u00e8re, doubl\u00e9e en coton doux pour un confort optimal. \ud83d\udc57 Longueur : 145 cm Coupe ample et manches bouffantes pour un style f\u00e9minin et raffin\u00e9. Parfaite pour vos sorties ou vos petites occasions . &nbsp;<\/p>\n","protected":false},"featured_media":6778,"comment_status":"open","ping_status":"closed","template":"","meta":[],"product_brand":[],"product_cat":[65,74,66],"product_tag":[],"class_list":{"0":"post-6772","1":"product","2":"type-product","3":"status-publish","4":"has-post-thumbnail","6":"product_cat-nouveautes","7":"product_cat-promotions","8":"product_cat-robes","10":"first","11":"instock","12":"sale","13":"shipping-taxable","14":"purchasable","15":"product-type-variable"},"_links":{"self":[{"href":"https:\/\/lavender.tn\/index.php\/wp-json\/wp\/v2\/product\/6772","targetHints":{"allow":["GET"]}}],"collection":[{"href":"https:\/\/lavender.tn\/index.php\/wp-json\/wp\/v2\/product"}],"about":[{"href":"https:\/\/lavender.tn\/index.php\/wp-json\/wp\/v2\/types\/product"}],"replies":[{"embeddable":true,"href":"https:\/\/lavender.tn\/index.php\/wp-json\/wp\/v2\/comments?post=6772"}],"wp:featuredmedia":[{"embeddable":true,"href":"https:\/\/lavender.tn\/index.php\/wp-json\/wp\/v2\/media\/6778"}],"wp:attachment":[{"href":"https:\/\/lavender.tn\/index.php\/wp-json\/wp\/v2\/media?parent=6772"}],"wp:term":[{"taxonomy":"product_brand","embeddable":true,"href":"https:\/\/lavender.tn\/index.php\/wp-json\/wp\/v2\/product_brand?post=6772"},{"taxonomy":"product_cat","embeddable":true,"href":"https:\/\/lavender.tn\/index.php\/wp-json\/wp\/v2\/product_cat?post=6772"},{"taxonomy":"product_tag","embeddable":true,"href":"https:\/\/lavender.tn\/index.php\/wp-json\/wp\/v2\/product_tag?post=6772"}],"curies":[{"name":"wp","href":"https:\/\/api.w.org\/{rel}","templated":true}]}}