{"id":6766,"date":"2025-06-05T13:40:50","date_gmt":"2025-06-05T13:40:50","guid":{"rendered":"https:\/\/lavender.tn\/?post_type=product&#038;p=6766"},"modified":"2026-04-12T12:01:03","modified_gmt":"2026-04-12T12:01:03","slug":"emilie-dress","status":"publish","type":"product","link":"https:\/\/lavender.tn\/index.php\/product\/emilie-dress\/","title":{"rendered":"Emilie dress"},"content":{"rendered":"<p>Robe f\u00e9minine avec dentelle au niveau de poitrine, taille marqu\u00e9e par ceinture, coupe large et parfait pour femme voil\u00e9e.<\/p>\n<p>Ceinture d\u00e9tachable et taille large.<\/p>\n<p>Id\u00e9al pour longueur 175cm.<\/p>\n","protected":false},"excerpt":{"rendered":"<p>Robe f\u00e9minine avec dentelle au niveau de poitrine, taille marqu\u00e9e par ceinture, coupe large et parfait pour femme voil\u00e9e. Ceinture d\u00e9tachable et taille large. Id\u00e9al pour longueur 175cm.<\/p>\n","protected":false},"featured_media":6756,"comment_status":"open","ping_status":"closed","template":"","meta":[],"product_brand":[],"product_cat":[74,66],"product_tag":[],"class_list":{"0":"post-6766","1":"product","2":"type-product","3":"status-publish","4":"has-post-thumbnail","6":"product_cat-promotions","7":"product_cat-robes","9":"first","10":"outofstock","11":"sale","12":"shipping-taxable","13":"purchasable","14":"product-type-variable"},"_links":{"self":[{"href":"https:\/\/lavender.tn\/index.php\/wp-json\/wp\/v2\/product\/6766","targetHints":{"allow":["GET"]}}],"collection":[{"href":"https:\/\/lavender.tn\/index.php\/wp-json\/wp\/v2\/product"}],"about":[{"href":"https:\/\/lavender.tn\/index.php\/wp-json\/wp\/v2\/types\/product"}],"replies":[{"embeddable":true,"href":"https:\/\/lavender.tn\/index.php\/wp-json\/wp\/v2\/comments?post=6766"}],"wp:featuredmedia":[{"embeddable":true,"href":"https:\/\/lavender.tn\/index.php\/wp-json\/wp\/v2\/media\/6756"}],"wp:attachment":[{"href":"https:\/\/lavender.tn\/index.php\/wp-json\/wp\/v2\/media?parent=6766"}],"wp:term":[{"taxonomy":"product_brand","embeddable":true,"href":"https:\/\/lavender.tn\/index.php\/wp-json\/wp\/v2\/product_brand?post=6766"},{"taxonomy":"product_cat","embeddable":true,"href":"https:\/\/lavender.tn\/index.php\/wp-json\/wp\/v2\/product_cat?post=6766"},{"taxonomy":"product_tag","embeddable":true,"href":"https:\/\/lavender.tn\/index.php\/wp-json\/wp\/v2\/product_tag?post=6766"}],"curies":[{"name":"wp","href":"https:\/\/api.w.org\/{rel}","templated":true}]}}