{"id":6718,"date":"2025-05-24T17:10:14","date_gmt":"2025-05-24T17:10:14","guid":{"rendered":"https:\/\/lavender.tn\/?post_type=product&#038;p=6718"},"modified":"2025-08-20T00:34:54","modified_gmt":"2025-08-20T00:34:54","slug":"shirt-dress","status":"publish","type":"product","link":"https:\/\/lavender.tn\/index.php\/product\/shirt-dress\/","title":{"rendered":"Shirt dress"},"content":{"rendered":"<p>Robe chemise en lin oversize\u2728 \u2013 \u00c9l\u00e9gance et l\u00e9g\u00e8ret\u00e9 pour l&rsquo;\u00e9t\u00e9 !<\/p>\n<p>&nbsp;<\/p>\n<p>Craquez pour notre robe chemise oversize en lin, ultra confortable et chic.<\/p>\n<p>&nbsp;<\/p>\n<p>Disponible en deux couleurs douces : beige naturel \ud83e\udd0eet vert citron frais\ud83d\udc9a.<\/p>\n<p>&nbsp;<\/p>\n<p>Parfaite pour les journ\u00e9es chaudes \u2013 coupe ample, tissu respirant, et un style effortless.<\/p>\n","protected":false},"excerpt":{"rendered":"<p>Robe chemise en lin oversize\u2728 \u2013 \u00c9l\u00e9gance et l\u00e9g\u00e8ret\u00e9 pour l&rsquo;\u00e9t\u00e9 ! &nbsp; Craquez pour notre robe chemise oversize en lin, ultra confortable et chic. &nbsp; Disponible en deux couleurs douces : beige naturel \ud83e\udd0eet vert citron frais\ud83d\udc9a. &nbsp; Parfaite pour les journ\u00e9es chaudes \u2013 coupe ample, tissu respirant, et un style effortless.<\/p>\n","protected":false},"featured_media":6719,"comment_status":"open","ping_status":"closed","template":"","meta":[],"product_brand":[],"product_cat":[65,66],"product_tag":[],"class_list":{"0":"post-6718","1":"product","2":"type-product","3":"status-publish","4":"has-post-thumbnail","6":"product_cat-nouveautes","7":"product_cat-robes","9":"first","10":"outofstock","11":"shipping-taxable","12":"purchasable","13":"product-type-variable"},"_links":{"self":[{"href":"https:\/\/lavender.tn\/index.php\/wp-json\/wp\/v2\/product\/6718","targetHints":{"allow":["GET"]}}],"collection":[{"href":"https:\/\/lavender.tn\/index.php\/wp-json\/wp\/v2\/product"}],"about":[{"href":"https:\/\/lavender.tn\/index.php\/wp-json\/wp\/v2\/types\/product"}],"replies":[{"embeddable":true,"href":"https:\/\/lavender.tn\/index.php\/wp-json\/wp\/v2\/comments?post=6718"}],"wp:featuredmedia":[{"embeddable":true,"href":"https:\/\/lavender.tn\/index.php\/wp-json\/wp\/v2\/media\/6719"}],"wp:attachment":[{"href":"https:\/\/lavender.tn\/index.php\/wp-json\/wp\/v2\/media?parent=6718"}],"wp:term":[{"taxonomy":"product_brand","embeddable":true,"href":"https:\/\/lavender.tn\/index.php\/wp-json\/wp\/v2\/product_brand?post=6718"},{"taxonomy":"product_cat","embeddable":true,"href":"https:\/\/lavender.tn\/index.php\/wp-json\/wp\/v2\/product_cat?post=6718"},{"taxonomy":"product_tag","embeddable":true,"href":"https:\/\/lavender.tn\/index.php\/wp-json\/wp\/v2\/product_tag?post=6718"}],"curies":[{"name":"wp","href":"https:\/\/api.w.org\/{rel}","templated":true}]}}