{"id":6706,"date":"2025-05-23T16:20:35","date_gmt":"2025-05-23T16:20:35","guid":{"rendered":"https:\/\/lavender.tn\/?post_type=product&#038;p=6706"},"modified":"2025-06-15T20:21:27","modified_gmt":"2025-06-15T20:21:27","slug":"hanin","status":"publish","type":"product","link":"https:\/\/lavender.tn\/index.php\/product\/hanin\/","title":{"rendered":"Hanin"},"content":{"rendered":"<p>&nbsp;<\/p>\n<p>La robe Hanin incarne la douceur et la f\u00e9minit\u00e9 dans toute sa simplicit\u00e9.<\/p>\n<p>Son tissu fluide, ses petites fleurs d\u00e9licates et ses finitions raffin\u00e9es au col en font une pi\u00e8ce unique, pens\u00e9e pour la femme moderne et pudique.<\/p>\n<p>&nbsp;<\/p>\n<p>Parfaite pour vos sorties estivales, vos occasions sp\u00e9ciales ou vos moments de d\u00e9tente en pleine nature.<\/p>\n<p>&nbsp;<\/p>\n<p>Disponible en quantit\u00e9 limit\u00e9e !<\/p>\n<p>&nbsp;<\/p>\n<p>&nbsp;<\/p>\n","protected":false},"excerpt":{"rendered":"<p>&nbsp; La robe Hanin incarne la douceur et la f\u00e9minit\u00e9 dans toute sa simplicit\u00e9. Son tissu fluide, ses petites fleurs d\u00e9licates et ses finitions raffin\u00e9es au col en font une pi\u00e8ce unique, pens\u00e9e pour la femme moderne et pudique. &nbsp; Parfaite pour vos sorties estivales, vos occasions sp\u00e9ciales ou vos moments de d\u00e9tente en pleine [&hellip;]<\/p>\n","protected":false},"featured_media":6707,"comment_status":"open","ping_status":"closed","template":"","meta":[],"product_brand":[],"product_cat":[65,66],"product_tag":[],"class_list":{"0":"post-6706","1":"product","2":"type-product","3":"status-publish","4":"has-post-thumbnail","6":"product_cat-nouveautes","7":"product_cat-robes","9":"first","10":"outofstock","11":"shipping-taxable","12":"purchasable","13":"product-type-variable"},"_links":{"self":[{"href":"https:\/\/lavender.tn\/index.php\/wp-json\/wp\/v2\/product\/6706","targetHints":{"allow":["GET"]}}],"collection":[{"href":"https:\/\/lavender.tn\/index.php\/wp-json\/wp\/v2\/product"}],"about":[{"href":"https:\/\/lavender.tn\/index.php\/wp-json\/wp\/v2\/types\/product"}],"replies":[{"embeddable":true,"href":"https:\/\/lavender.tn\/index.php\/wp-json\/wp\/v2\/comments?post=6706"}],"wp:featuredmedia":[{"embeddable":true,"href":"https:\/\/lavender.tn\/index.php\/wp-json\/wp\/v2\/media\/6707"}],"wp:attachment":[{"href":"https:\/\/lavender.tn\/index.php\/wp-json\/wp\/v2\/media?parent=6706"}],"wp:term":[{"taxonomy":"product_brand","embeddable":true,"href":"https:\/\/lavender.tn\/index.php\/wp-json\/wp\/v2\/product_brand?post=6706"},{"taxonomy":"product_cat","embeddable":true,"href":"https:\/\/lavender.tn\/index.php\/wp-json\/wp\/v2\/product_cat?post=6706"},{"taxonomy":"product_tag","embeddable":true,"href":"https:\/\/lavender.tn\/index.php\/wp-json\/wp\/v2\/product_tag?post=6706"}],"curies":[{"name":"wp","href":"https:\/\/api.w.org\/{rel}","templated":true}]}}