{"id":6698,"date":"2025-05-10T16:27:31","date_gmt":"2025-05-10T16:27:31","guid":{"rendered":"https:\/\/lavender.tn\/?post_type=product&#038;p=6698"},"modified":"2025-12-20T14:13:07","modified_gmt":"2025-12-20T14:13:07","slug":"set-laine","status":"publish","type":"product","link":"https:\/\/lavender.tn\/index.php\/product\/set-laine\/","title":{"rendered":"Set laine"},"content":{"rendered":"<p class=\"\" data-start=\"297\" data-end=\"507\"><strong data-start=\"297\" data-end=\"380\">\u2728 \u00c9l\u00e9gance et originalit\u00e9 r\u00e9unies dans cette robe deux-en-un au style raffin\u00e9 !<\/strong><br data-start=\"380\" data-end=\"383\" \/>Son design intelligent imite \u00e0 la perfection un ensemble gilet + jupe pliss\u00e9e, tout en offrant le confort d\u2019une seule pi\u00e8ce.<\/p>\n<p class=\"\" data-start=\"509\" data-end=\"885\">\u2714\ufe0f <strong data-start=\"512\" data-end=\"536\">Effet superpos\u00e9 chic<\/strong> : haut fa\u00e7on gilet \u00e0 boutons dor\u00e9s, int\u00e9gr\u00e9 dans la robe pour un look soign\u00e9 sans effort.<br data-start=\"626\" data-end=\"629\" \/>\u2714\ufe0f <strong data-start=\"632\" data-end=\"673\">Manches longues l\u00e9g\u00e8rement bouffantes<\/strong> pour une touche \u00e9l\u00e9gante et moderne.<br data-start=\"710\" data-end=\"713\" \/>\u2714\ufe0f <strong data-start=\"716\" data-end=\"739\">Jupe pliss\u00e9e fluide<\/strong> qui tombe parfaitement pour flatter toutes les silhouettes.<br data-start=\"799\" data-end=\"802\" \/>\u2714\ufe0f <strong data-start=\"805\" data-end=\"839\">Id\u00e9ale pour les femmes voil\u00e9es<\/strong>, gr\u00e2ce \u00e0 sa coupe ample et son style pudique.<\/p>\n","protected":false},"excerpt":{"rendered":"<p>\u2728 \u00c9l\u00e9gance et originalit\u00e9 r\u00e9unies dans cette robe deux-en-un au style raffin\u00e9 !Son design intelligent imite \u00e0 la perfection un ensemble gilet + jupe pliss\u00e9e, tout en offrant le confort d\u2019une seule pi\u00e8ce. \u2714\ufe0f Effet superpos\u00e9 chic : haut fa\u00e7on gilet \u00e0 boutons dor\u00e9s, int\u00e9gr\u00e9 dans la robe pour un look soign\u00e9 sans effort.\u2714\ufe0f Manches [&hellip;]<\/p>\n","protected":false},"featured_media":6433,"comment_status":"open","ping_status":"closed","template":"","meta":[],"product_brand":[],"product_cat":[68],"product_tag":[],"class_list":{"0":"post-6698","1":"product","2":"type-product","3":"status-publish","4":"has-post-thumbnail","6":"product_cat-sets","8":"first","9":"instock","10":"sale","11":"shipping-taxable","12":"purchasable","13":"product-type-variable"},"_links":{"self":[{"href":"https:\/\/lavender.tn\/index.php\/wp-json\/wp\/v2\/product\/6698","targetHints":{"allow":["GET"]}}],"collection":[{"href":"https:\/\/lavender.tn\/index.php\/wp-json\/wp\/v2\/product"}],"about":[{"href":"https:\/\/lavender.tn\/index.php\/wp-json\/wp\/v2\/types\/product"}],"replies":[{"embeddable":true,"href":"https:\/\/lavender.tn\/index.php\/wp-json\/wp\/v2\/comments?post=6698"}],"wp:featuredmedia":[{"embeddable":true,"href":"https:\/\/lavender.tn\/index.php\/wp-json\/wp\/v2\/media\/6433"}],"wp:attachment":[{"href":"https:\/\/lavender.tn\/index.php\/wp-json\/wp\/v2\/media?parent=6698"}],"wp:term":[{"taxonomy":"product_brand","embeddable":true,"href":"https:\/\/lavender.tn\/index.php\/wp-json\/wp\/v2\/product_brand?post=6698"},{"taxonomy":"product_cat","embeddable":true,"href":"https:\/\/lavender.tn\/index.php\/wp-json\/wp\/v2\/product_cat?post=6698"},{"taxonomy":"product_tag","embeddable":true,"href":"https:\/\/lavender.tn\/index.php\/wp-json\/wp\/v2\/product_tag?post=6698"}],"curies":[{"name":"wp","href":"https:\/\/api.w.org\/{rel}","templated":true}]}}