{"id":6686,"date":"2025-05-10T16:14:45","date_gmt":"2025-05-10T16:14:45","guid":{"rendered":"https:\/\/lavender.tn\/?post_type=product&#038;p=6686"},"modified":"2025-08-16T22:23:39","modified_gmt":"2025-08-16T22:23:39","slug":"may-dress","status":"publish","type":"product","link":"https:\/\/lavender.tn\/index.php\/product\/may-dress\/","title":{"rendered":"May Dress"},"content":{"rendered":"<p class=\"\" data-start=\"93\" data-end=\"308\"><strong data-start=\"93\" data-end=\"173\">\u2728 D\u00e9couvrez l\u2019\u00e9l\u00e9gance de cette robe chic au design moderne et confortable !<\/strong><br data-start=\"173\" data-end=\"176\" \/>Sa coupe ample et fluide s\u2019adapte \u00e0 toutes les morphologies, avec des touches f\u00e9minines qui vous offrent un style unique et raffin\u00e9.<\/p>\n<p class=\"\" data-start=\"310\" data-end=\"730\">\u2714\ufe0f <strong data-start=\"313\" data-end=\"343\">Design pratique et \u00e9l\u00e9gant<\/strong> avec une ceinture lat\u00e9rale r\u00e9glable pour ajuster la coupe selon vos envies. <em data-start=\"420\" data-end=\"472\">Parfait pour celles qui portent le hijab conforme.<\/em><br data-start=\"472\" data-end=\"475\" \/>\u2714\ufe0f <strong data-start=\"478\" data-end=\"510\">D\u00e9tails f\u00e9minins et raffin\u00e9s<\/strong> avec des boutons sur le devant : les deux premiers s\u2019ouvrent, les autres sont fixes pour plus de confort et de libert\u00e9.<br data-start=\"630\" data-end=\"633\" \/>\u2714\ufe0f <strong data-start=\"636\" data-end=\"660\">Tissu doux et fluide<\/strong> pour un look s\u00e9duisant et une sensation de l\u00e9g\u00e8ret\u00e9 toute la journ\u00e9e.<\/p>\n","protected":false},"excerpt":{"rendered":"<p>\u2728 D\u00e9couvrez l\u2019\u00e9l\u00e9gance de cette robe chic au design moderne et confortable !Sa coupe ample et fluide s\u2019adapte \u00e0 toutes les morphologies, avec des touches f\u00e9minines qui vous offrent un style unique et raffin\u00e9. \u2714\ufe0f Design pratique et \u00e9l\u00e9gant avec une ceinture lat\u00e9rale r\u00e9glable pour ajuster la coupe selon vos envies. Parfait pour celles qui [&hellip;]<\/p>\n","protected":false},"featured_media":6690,"comment_status":"open","ping_status":"closed","template":"","meta":[],"product_brand":[],"product_cat":[66],"product_tag":[],"class_list":{"0":"post-6686","1":"product","2":"type-product","3":"status-publish","4":"has-post-thumbnail","6":"product_cat-robes","8":"first","9":"outofstock","10":"sale","11":"shipping-taxable","12":"purchasable","13":"product-type-variable"},"_links":{"self":[{"href":"https:\/\/lavender.tn\/index.php\/wp-json\/wp\/v2\/product\/6686","targetHints":{"allow":["GET"]}}],"collection":[{"href":"https:\/\/lavender.tn\/index.php\/wp-json\/wp\/v2\/product"}],"about":[{"href":"https:\/\/lavender.tn\/index.php\/wp-json\/wp\/v2\/types\/product"}],"replies":[{"embeddable":true,"href":"https:\/\/lavender.tn\/index.php\/wp-json\/wp\/v2\/comments?post=6686"}],"wp:featuredmedia":[{"embeddable":true,"href":"https:\/\/lavender.tn\/index.php\/wp-json\/wp\/v2\/media\/6690"}],"wp:attachment":[{"href":"https:\/\/lavender.tn\/index.php\/wp-json\/wp\/v2\/media?parent=6686"}],"wp:term":[{"taxonomy":"product_brand","embeddable":true,"href":"https:\/\/lavender.tn\/index.php\/wp-json\/wp\/v2\/product_brand?post=6686"},{"taxonomy":"product_cat","embeddable":true,"href":"https:\/\/lavender.tn\/index.php\/wp-json\/wp\/v2\/product_cat?post=6686"},{"taxonomy":"product_tag","embeddable":true,"href":"https:\/\/lavender.tn\/index.php\/wp-json\/wp\/v2\/product_tag?post=6686"}],"curies":[{"name":"wp","href":"https:\/\/api.w.org\/{rel}","templated":true}]}}