{"id":6669,"date":"2025-05-10T16:05:11","date_gmt":"2025-05-10T16:05:11","guid":{"rendered":"https:\/\/lavender.tn\/?post_type=product&#038;p=6669"},"modified":"2025-08-07T13:27:21","modified_gmt":"2025-08-07T13:27:21","slug":"butterfly-dress","status":"publish","type":"product","link":"https:\/\/lavender.tn\/index.php\/product\/butterfly-dress\/","title":{"rendered":"Butterfly Dress"},"content":{"rendered":"<div role=\"row\">\n<div class=\"x1n2onr6\" tabindex=\"-1\" role=\"gridcell\" data-release-focus-from=\"CLICK\" data-scope=\"messages_table\">\n<div class=\"html-div xdj266r x11i5rnm xat24cr x1mh8g0r xexx8yu x4uap5 x18d9i69 xkhd6sd x1h91t0o xkh2ocl x78zum5 xdt5ytf x13a6bvl x193iq5w x1c4vz4f x1eb86dx\" role=\"presentation\">\n<div class=\"html-div xdj266r x11i5rnm xat24cr x1mh8g0r xyamay9 x1l90r2v x5ib6vp xc73u3c\">\n<div class=\"html-div xexx8yu x4uap5 x18d9i69 xkhd6sd xr1yuqi xkrivgy x4ii5y1 x1gryazu x1ekjcvx x2b8uid x13faqbe\">\n<div class=\"xjpr12u xr9ek0c x2b8uid\" aria-hidden=\"true\" data-scope=\"date_break\"><\/div>\n<\/div>\n<\/div>\n<\/div>\n<\/div>\n<\/div>\n<div class=\"__fb-dark-mode x1n2onr6\" role=\"row\">\n<div class=\"x78zum5 xdt5ytf x1n2onr6\" tabindex=\"0\" role=\"gridcell\" data-release-focus-from=\"CLICK\" data-scope=\"messages_table\">\n<div class=\"html-div xdj266r x11i5rnm xat24cr x1mh8g0r xexx8yu x4uap5 x18d9i69 xkhd6sd x78zum5 x1eb86dx\">\n<div class=\"html-div xdj266r x11i5rnm xat24cr x1mh8g0r xexx8yu xkhd6sd x1eb86dx x78zum5 x1c4vz4f x2lah0s x18061mc xvp1vtd\">\n<div class=\"html-div xdj266r x11i5rnm xat24cr x1mh8g0r xexx8yu x4uap5 x18d9i69 xkhd6sd x78zum5 xpvyfi4\">\n<div class=\"html-div xdj266r x11i5rnm xat24cr x1mh8g0r xexx8yu x18d9i69 x1h91t0o xkh2ocl x78zum5 xdt5ytf x13a6bvl x193iq5w x1c4vz4f x1eb86dx x1sxyh0 x1nvil2r\" role=\"presentation\">\n<div class=\"xgd8bvy\">\n<div class=\"xuk3077 x78zum5 x2lah0s x1fgtraw x193iq5w xgd8bvy\" aria-hidden=\"true\">\n<div class=\"x1i10hfl xjbqb8w xjqpnuy xa49m3k xqeqjp1 x2hbi6w x13fuv20 xu3j5b3 x1q0q8m5 x26u7qi x972fbf xcfux6l x1qhh985 xm0m39n x9f619 x1ypdohk xdl72j9 xe8uvvx xdj266r x11i5rnm xat24cr x1mh8g0r x2lwn1j xeuugli xexx8yu x4uap5 x18d9i69 xkhd6sd x1n2onr6 x16tdsg8 x1hl2dhg xggy1nq x1ja2u2z x1t137rt x1o1ewxj x3x9cwd x1e5q0jg x13rtm0m x1q0g3np x87ps6o x1lku1pv x1a2a7pz xuk3077 x78zum5 x2lah0s x1fgtraw x193iq5w xgd8bvy\" tabindex=\"-1\" role=\"button\">\n<div class=\"x1ey2m1c xds687c x17qophe xg01cxk x47corl x10l6tqk x13vifvy x1ebt8du x19991ni x1dhq9h xzolkzo x12go9s9 x1rnf11y xprq8jg\" role=\"none\" data-visualcompletion=\"ignore\"><\/div>\n<\/div>\n<\/div>\n<\/div>\n<\/div>\n<\/div>\n<\/div>\n<div class=\"html-div xdj266r x11i5rnm xat24cr x1mh8g0r xexx8yu x4uap5 x18d9i69 xkhd6sd xeuugli x1vjfegm\">\n<div>\n<div class=\"html-div xdj266r x11i5rnm xat24cr x1mh8g0r xexx8yu x4uap5 x18d9i69 xkhd6sd x78zum5 xh8yej3\" role=\"presentation\">\n<div class=\"x1cy8zhl x78zum5 xdt5ytf x193iq5w x1n2onr6 x1kxipp6\">\n<div class=\"x78zum5 xh8yej3\" role=\"none\">\n<div class=\"html-div xdj266r x11i5rnm xat24cr x1mh8g0r xexx8yu x4uap5 x18d9i69 xkhd6sd x6ikm8r x10wlt62\">\n<div class=\"html-div xdj266r x11i5rnm xat24cr x1mh8g0r x14ctfv x13sv91t x6ikm8r x10wlt62 xerhiuh x1pn3fxy x12xxe5f x1szedp3 x1n2onr6 x1vjfegm x1k4qllp x1mzt3pk x13faqbe x1xr0vuk x1jm4cbz x1lmq8lz xrrpcnn x1xtl47e x13fuv20 xu3j5b3 x1q0q8m5 x26u7qi x19livfd x2t687o x3p3xfz x5od304 xp5s12f x11ucwad xgtuqic x155c047\" role=\"presentation\">\n<div class=\"html-div xexx8yu x4uap5 x18d9i69 xkhd6sd x1gslohp x11i5rnm x12nagc x1mh8g0r x1yc453h x126k92a x18lvrbx\" dir=\"auto\">Robe longue pliss\u00e9e avec volants<\/div>\n<div class=\"html-div xexx8yu x4uap5 x18d9i69 xkhd6sd x1gslohp x11i5rnm x12nagc x1mh8g0r x1yc453h x126k92a x18lvrbx\" dir=\"auto\">Laissez-vous s\u00e9duire par cette robe longue ultra f\u00e9minine au coloris \u00e9clatant.<\/div>\n<div class=\"html-div xexx8yu x4uap5 x18d9i69 xkhd6sd x1gslohp x11i5rnm x12nagc x1mh8g0r x1yc453h x126k92a x18lvrbx\" dir=\"auto\">Confectionn\u00e9e dans un tissu fluide et l\u00e9g\u00e8rement gaufr\u00e9, elle se distingue par ses jolis volants sur les \u00e9paules et le buste, qui ajoutent une touche de charme et de mouvement.<\/div>\n<div class=\"html-div xexx8yu x4uap5 x18d9i69 xkhd6sd x1gslohp x11i5rnm x12nagc x1mh8g0r x1yc453h x126k92a x18lvrbx\" dir=\"auto\">La taille est d\u00e9licatement marqu\u00e9e pour sublimer la silhouette, tandis que les manches longues bouffantes avec poignets resserr\u00e9s offrent un look \u00e9l\u00e9gant et confortable \u00e0 la fois.<\/div>\n<div class=\"html-div xexx8yu x4uap5 x18d9i69 xkhd6sd x1gslohp x11i5rnm x12nagc x1mh8g0r x1yc453h x126k92a x18lvrbx\" dir=\"auto\">Une pi\u00e8ce parfaite pour les occasions, les sorties ou m\u00eame le quotidien avec style.<\/div>\n<div class=\"html-div xexx8yu x4uap5 x18d9i69 xkhd6sd x1gslohp x11i5rnm x12nagc x1mh8g0r x1yc453h x126k92a x18lvrbx\" dir=\"auto\">D\u00e9tails : Coupe : \u00e9vas\u00e9e,<\/div>\n<div class=\"html-div xexx8yu x4uap5 x18d9i69 xkhd6sd x1gslohp x11i5rnm x12nagc x1mh8g0r x1yc453h x126k92a x18lvrbx\" dir=\"auto\">taille marqu\u00e9e<\/div>\n<div class=\"html-div xexx8yu x4uap5 x18d9i69 xkhd6sd x1gslohp x11i5rnm x12nagc x1mh8g0r x1yc453h x126k92a x18lvrbx\" dir=\"auto\">Couleur : fuchsia<\/div>\n<div class=\"html-div xexx8yu x4uap5 x18d9i69 xkhd6sd x1gslohp x11i5rnm x12nagc x1mh8g0r x1yc453h x126k92a x18lvrbx\" dir=\"auto\">D\u00e9tails : volants sur le devant et les \u00e9paules<\/div>\n<div class=\"html-div xexx8yu x4uap5 x18d9i69 xkhd6sd x1gslohp x11i5rnm x12nagc x1mh8g0r x1yc453h x126k92a x18lvrbx\" dir=\"auto\">Manches : longues, avec poignets<\/div>\n<div class=\"html-div xexx8yu x4uap5 x18d9i69 xkhd6sd x1gslohp x11i5rnm x12nagc x1mh8g0r x1yc453h x126k92a x18lvrbx\" dir=\"auto\">Mati\u00e8re : tissu l\u00e9ger, gaufr\u00e9 et fluide<\/div>\n<div class=\"html-div xexx8yu x4uap5 x18d9i69 xkhd6sd x1gslohp x11i5rnm x12nagc x1mh8g0r x1yc453h x126k92a x18lvrbx\" dir=\"auto\">Longueur : maxi (jusqu\u2019aux chevilles)<\/div>\n<\/div>\n<\/div>\n<\/div>\n<\/div>\n<\/div>\n<\/div>\n<\/div>\n<\/div>\n<\/div>\n<\/div>\n","protected":false},"excerpt":{"rendered":"<p>Robe longue pliss\u00e9e avec volants Laissez-vous s\u00e9duire par cette robe longue ultra f\u00e9minine au coloris \u00e9clatant. Confectionn\u00e9e dans un tissu fluide et l\u00e9g\u00e8rement gaufr\u00e9, elle se distingue par ses jolis volants sur les \u00e9paules et le buste, qui ajoutent une touche de charme et de mouvement. La taille est d\u00e9licatement marqu\u00e9e pour sublimer la silhouette, [&hellip;]<\/p>\n","protected":false},"featured_media":6658,"comment_status":"open","ping_status":"closed","template":"","meta":[],"product_brand":[],"product_cat":[74,66],"product_tag":[],"class_list":{"0":"post-6669","1":"product","2":"type-product","3":"status-publish","4":"has-post-thumbnail","6":"product_cat-promotions","7":"product_cat-robes","9":"first","10":"outofstock","11":"sale","12":"shipping-taxable","13":"purchasable","14":"product-type-variable"},"_links":{"self":[{"href":"https:\/\/lavender.tn\/index.php\/wp-json\/wp\/v2\/product\/6669","targetHints":{"allow":["GET"]}}],"collection":[{"href":"https:\/\/lavender.tn\/index.php\/wp-json\/wp\/v2\/product"}],"about":[{"href":"https:\/\/lavender.tn\/index.php\/wp-json\/wp\/v2\/types\/product"}],"replies":[{"embeddable":true,"href":"https:\/\/lavender.tn\/index.php\/wp-json\/wp\/v2\/comments?post=6669"}],"wp:featuredmedia":[{"embeddable":true,"href":"https:\/\/lavender.tn\/index.php\/wp-json\/wp\/v2\/media\/6658"}],"wp:attachment":[{"href":"https:\/\/lavender.tn\/index.php\/wp-json\/wp\/v2\/media?parent=6669"}],"wp:term":[{"taxonomy":"product_brand","embeddable":true,"href":"https:\/\/lavender.tn\/index.php\/wp-json\/wp\/v2\/product_brand?post=6669"},{"taxonomy":"product_cat","embeddable":true,"href":"https:\/\/lavender.tn\/index.php\/wp-json\/wp\/v2\/product_cat?post=6669"},{"taxonomy":"product_tag","embeddable":true,"href":"https:\/\/lavender.tn\/index.php\/wp-json\/wp\/v2\/product_tag?post=6669"}],"curies":[{"name":"wp","href":"https:\/\/api.w.org\/{rel}","templated":true}]}}