{"id":6597,"date":"2025-05-08T21:30:24","date_gmt":"2025-05-08T21:30:24","guid":{"rendered":"https:\/\/lavender.tn\/?post_type=product&#038;p=6597"},"modified":"2025-08-07T13:29:57","modified_gmt":"2025-08-07T13:29:57","slug":"fushia","status":"publish","type":"product","link":"https:\/\/lavender.tn\/index.php\/product\/fushia\/","title":{"rendered":"fushia"},"content":{"rendered":"<div class=\"xdj266r x11i5rnm xat24cr x1mh8g0r x1vvkbs x126k92a\">\n<div dir=\"auto\">\u00ab\u00a0Un ensemble fleuri plein de fra\u00eecheur et de f\u00e9minit\u00e9, parfait pour accueillir les beaux jours.<\/div>\n<\/div>\n<div class=\"x11i5rnm xat24cr x1mh8g0r x1vvkbs xtlvy1s x126k92a\">\n<div dir=\"auto\">Le haut \u00e0 volants d\u00e9licats \u00e9pouse une jupe fuchsia fluide et \u00e9clatante pour un look \u00e0 la fois moderne et raffin\u00e9.<\/div>\n<\/div>\n<div class=\"x11i5rnm xat24cr x1mh8g0r x1vvkbs xtlvy1s x126k92a\">\n<div dir=\"auto\">Confectionn\u00e9 en lin viscose pour un confort optimal et une allure chic sans effort.<\/div>\n<\/div>\n<div class=\"x11i5rnm xat24cr x1mh8g0r x1vvkbs xtlvy1s x126k92a\">\n<div dir=\"auto\">Id\u00e9al pour vos sorties printani\u00e8res ou vos occasions sp\u00e9ciales.\u00a0\u00bb<\/div>\n<\/div>\n","protected":false},"excerpt":{"rendered":"<div class=\"xdj266r x11i5rnm xat24cr x1mh8g0r x1vvkbs x126k92a\">\n<div dir=\"auto\">\u00ab\u00a0Un ensemble fleuri plein de fra\u00eecheur et de f\u00e9minit\u00e9, parfait pour accueillir les beaux jours.<\/div>\n<\/div>\n<div class=\"x11i5rnm xat24cr x1mh8g0r x1vvkbs xtlvy1s x126k92a\">\n<div dir=\"auto\">Le haut \u00e0 volants d\u00e9licats \u00e9pouse une jupe fuchsia fluide et \u00e9clatante pour un look \u00e0 la fois moderne et raffin\u00e9.<\/div>\n<\/div>\n<div class=\"x11i5rnm xat24cr x1mh8g0r x1vvkbs xtlvy1s x126k92a\">\n<div dir=\"auto\">Confectionn\u00e9 en lin viscose pour un confort optimal et une allure chic sans effort.<\/div>\n<\/div>\n<div class=\"x11i5rnm xat24cr x1mh8g0r x1vvkbs xtlvy1s x126k92a\">\n<div dir=\"auto\">Id\u00e9al pour vos sorties printani\u00e8res ou vos occasions sp\u00e9ciales.\u00a0\u00bb<\/div>\n<\/div>\n","protected":false},"featured_media":6602,"comment_status":"open","ping_status":"closed","template":"","meta":[],"product_brand":[],"product_cat":[68],"product_tag":[],"class_list":{"0":"post-6597","1":"product","2":"type-product","3":"status-publish","4":"has-post-thumbnail","6":"product_cat-sets","8":"first","9":"outofstock","10":"shipping-taxable","11":"purchasable","12":"product-type-variable"},"_links":{"self":[{"href":"https:\/\/lavender.tn\/index.php\/wp-json\/wp\/v2\/product\/6597","targetHints":{"allow":["GET"]}}],"collection":[{"href":"https:\/\/lavender.tn\/index.php\/wp-json\/wp\/v2\/product"}],"about":[{"href":"https:\/\/lavender.tn\/index.php\/wp-json\/wp\/v2\/types\/product"}],"replies":[{"embeddable":true,"href":"https:\/\/lavender.tn\/index.php\/wp-json\/wp\/v2\/comments?post=6597"}],"wp:featuredmedia":[{"embeddable":true,"href":"https:\/\/lavender.tn\/index.php\/wp-json\/wp\/v2\/media\/6602"}],"wp:attachment":[{"href":"https:\/\/lavender.tn\/index.php\/wp-json\/wp\/v2\/media?parent=6597"}],"wp:term":[{"taxonomy":"product_brand","embeddable":true,"href":"https:\/\/lavender.tn\/index.php\/wp-json\/wp\/v2\/product_brand?post=6597"},{"taxonomy":"product_cat","embeddable":true,"href":"https:\/\/lavender.tn\/index.php\/wp-json\/wp\/v2\/product_cat?post=6597"},{"taxonomy":"product_tag","embeddable":true,"href":"https:\/\/lavender.tn\/index.php\/wp-json\/wp\/v2\/product_tag?post=6597"}],"curies":[{"name":"wp","href":"https:\/\/api.w.org\/{rel}","templated":true}]}}