{"id":6521,"date":"2025-04-23T12:49:23","date_gmt":"2025-04-23T12:49:23","guid":{"rendered":"https:\/\/lavender.tn\/?post_type=product&#038;p=6521"},"modified":"2025-09-16T12:49:06","modified_gmt":"2025-09-16T12:49:06","slug":"massaya","status":"publish","type":"product","link":"https:\/\/lavender.tn\/index.php\/product\/massaya\/","title":{"rendered":"Massaya"},"content":{"rendered":"<p>Robe en cr\u00eape oslo bas cloche et raffin\u00e9e , longueur id\u00e9ale pour femme voil\u00e9e<\/p>\n","protected":false},"excerpt":{"rendered":"<p>Robe chic ,taille marqu\u00e9e et bas cloche<\/p>\n","protected":false},"featured_media":6522,"comment_status":"open","ping_status":"closed","template":"","meta":[],"product_brand":[],"product_cat":[74,66],"product_tag":[75],"class_list":{"0":"post-6521","1":"product","2":"type-product","3":"status-publish","4":"has-post-thumbnail","6":"product_cat-promotions","7":"product_cat-robes","8":"product_tag-robe-soire","10":"first","11":"instock","12":"sale","13":"shipping-taxable","14":"purchasable","15":"product-type-variable"},"_links":{"self":[{"href":"https:\/\/lavender.tn\/index.php\/wp-json\/wp\/v2\/product\/6521","targetHints":{"allow":["GET"]}}],"collection":[{"href":"https:\/\/lavender.tn\/index.php\/wp-json\/wp\/v2\/product"}],"about":[{"href":"https:\/\/lavender.tn\/index.php\/wp-json\/wp\/v2\/types\/product"}],"replies":[{"embeddable":true,"href":"https:\/\/lavender.tn\/index.php\/wp-json\/wp\/v2\/comments?post=6521"}],"wp:featuredmedia":[{"embeddable":true,"href":"https:\/\/lavender.tn\/index.php\/wp-json\/wp\/v2\/media\/6522"}],"wp:attachment":[{"href":"https:\/\/lavender.tn\/index.php\/wp-json\/wp\/v2\/media?parent=6521"}],"wp:term":[{"taxonomy":"product_brand","embeddable":true,"href":"https:\/\/lavender.tn\/index.php\/wp-json\/wp\/v2\/product_brand?post=6521"},{"taxonomy":"product_cat","embeddable":true,"href":"https:\/\/lavender.tn\/index.php\/wp-json\/wp\/v2\/product_cat?post=6521"},{"taxonomy":"product_tag","embeddable":true,"href":"https:\/\/lavender.tn\/index.php\/wp-json\/wp\/v2\/product_tag?post=6521"}],"curies":[{"name":"wp","href":"https:\/\/api.w.org\/{rel}","templated":true}]}}